{"id":417,"date":"2018-05-04T15:08:59","date_gmt":"2018-05-04T15:08:59","guid":{"rendered":"https:\/\/clinicacitius.com\/estudio-de-esterilidad-masculina\/"},"modified":"2019-01-16T12:27:51","modified_gmt":"2019-01-16T12:27:51","slug":"etude-de-la-sterilite-masculine","status":"publish","type":"page","link":"https:\/\/clinicacitius.com\/fr\/etude-de-la-sterilite-masculine\/","title":{"rendered":"\u00c9tude de la st\u00e9rilit\u00e9 masculine"},"content":{"rendered":"","protected":false},"excerpt":{"rendered":"","protected":false},"author":3,"featured_media":0,"parent":0,"menu_order":0,"comment_status":"open","ping_status":"open","template":"","meta":[],"_links":{"self":[{"href":"https:\/\/clinicacitius.com\/fr\/wp-json\/wp\/v2\/pages\/417"}],"collection":[{"href":"https:\/\/clinicacitius.com\/fr\/wp-json\/wp\/v2\/pages"}],"about":[{"href":"https:\/\/clinicacitius.com\/fr\/wp-json\/wp\/v2\/types\/page"}],"author":[{"embeddable":true,"href":"https:\/\/clinicacitius.com\/fr\/wp-json\/wp\/v2\/users\/3"}],"replies":[{"embeddable":true,"href":"https:\/\/clinicacitius.com\/fr\/wp-json\/wp\/v2\/comments?post=417"}],"version-history":[{"count":1,"href":"https:\/\/clinicacitius.com\/fr\/wp-json\/wp\/v2\/pages\/417\/revisions"}],"predecessor-version":[{"id":420,"href":"https:\/\/clinicacitius.com\/fr\/wp-json\/wp\/v2\/pages\/417\/revisions\/420"}],"wp:attachment":[{"href":"https:\/\/clinicacitius.com\/fr\/wp-json\/wp\/v2\/media?parent=417"}],"curies":[{"name":"wp","href":"https:\/\/api.w.org\/{rel}","templated":true}]}}