{"id":404,"date":"2018-05-04T14:54:57","date_gmt":"2018-05-04T14:54:57","guid":{"rendered":"https:\/\/clinicacitius.com\/estudio-de-esterilidad-femenina\/"},"modified":"2019-01-16T12:22:52","modified_gmt":"2019-01-16T12:22:52","slug":"etude-de-la-sterilite-feminine","status":"publish","type":"page","link":"https:\/\/clinicacitius.com\/fr\/etude-de-la-sterilite-feminine\/","title":{"rendered":"\u00c9tude de la st\u00e9rilit\u00e9 f\u00e9minine"},"content":{"rendered":"","protected":false},"excerpt":{"rendered":"","protected":false},"author":3,"featured_media":0,"parent":0,"menu_order":0,"comment_status":"open","ping_status":"open","template":"","meta":[],"_links":{"self":[{"href":"https:\/\/clinicacitius.com\/fr\/wp-json\/wp\/v2\/pages\/404"}],"collection":[{"href":"https:\/\/clinicacitius.com\/fr\/wp-json\/wp\/v2\/pages"}],"about":[{"href":"https:\/\/clinicacitius.com\/fr\/wp-json\/wp\/v2\/types\/page"}],"author":[{"embeddable":true,"href":"https:\/\/clinicacitius.com\/fr\/wp-json\/wp\/v2\/users\/3"}],"replies":[{"embeddable":true,"href":"https:\/\/clinicacitius.com\/fr\/wp-json\/wp\/v2\/comments?post=404"}],"version-history":[{"count":1,"href":"https:\/\/clinicacitius.com\/fr\/wp-json\/wp\/v2\/pages\/404\/revisions"}],"predecessor-version":[{"id":406,"href":"https:\/\/clinicacitius.com\/fr\/wp-json\/wp\/v2\/pages\/404\/revisions\/406"}],"wp:attachment":[{"href":"https:\/\/clinicacitius.com\/fr\/wp-json\/wp\/v2\/media?parent=404"}],"curies":[{"name":"wp","href":"https:\/\/api.w.org\/{rel}","templated":true}]}}